{"id":61,"date":"2026-04-03T13:59:55","date_gmt":"2026-04-03T12:59:55","guid":{"rendered":"http:\/\/nadozperformance.com\/index.php\/contact\/"},"modified":"2026-04-03T14:29:48","modified_gmt":"2026-04-03T13:29:48","slug":"contact","status":"publish","type":"page","link":"https:\/\/nadozperformance.com\/index.php\/contact\/","title":{"rendered":"Contact"},"content":{"rendered":"\t\t<div data-elementor-type=\"wp-page\" data-elementor-id=\"61\" class=\"elementor elementor-61\">\n\t\t\t\t<div class=\"elementor-element elementor-element-f777267 e-flex e-con-boxed e-con e-parent\" data-id=\"f777267\" data-element_type=\"container\" data-e-type=\"container\">\n\t\t\t\t\t<div class=\"e-con-inner\">\n\t\t<div class=\"elementor-element elementor-element-389965a e-con-full e-flex e-con e-child\" data-id=\"389965a\" data-element_type=\"container\" data-e-type=\"container\">\n\t\t\t\t<\/div>\n\t\t<div class=\"elementor-element elementor-element-8549a08 e-con-full e-flex e-con e-child\" data-id=\"8549a08\" data-element_type=\"container\" data-e-type=\"container\">\n\t\t\t\t\t\t\t\t<p class=\"e-paragraph-base\" data-interaction-id=\"b48e965\"  >\n\t\t\t\t\t\t\t\t\n<div class=\"wpcf7 no-js\" id=\"wpcf7-f68-o1\" lang=\"fr-FR\" dir=\"ltr\" data-wpcf7-id=\"68\">\n<div class=\"screen-reader-response\"><p role=\"status\" aria-live=\"polite\" aria-atomic=\"true\"><\/p> <ul><\/ul><\/div>\n<form action=\"\/index.php\/wp-json\/wp\/v2\/pages\/61#wpcf7-f68-o1\" method=\"post\" class=\"wpcf7-form init\" aria-label=\"Formulaire de contact\" novalidate=\"novalidate\" data-status=\"init\">\n<fieldset class=\"hidden-fields-container\"><input type=\"hidden\" name=\"_wpcf7\" value=\"68\" \/><input type=\"hidden\" name=\"_wpcf7_version\" value=\"6.1.5\" \/><input type=\"hidden\" name=\"_wpcf7_locale\" value=\"fr_FR\" \/><input type=\"hidden\" name=\"_wpcf7_unit_tag\" value=\"wpcf7-f68-o1\" \/><input type=\"hidden\" name=\"_wpcf7_container_post\" value=\"0\" \/><input type=\"hidden\" name=\"_wpcf7_posted_data_hash\" value=\"\" \/>\n<\/fieldset>\n<p><label> Votre nom<br \/>\n<span class=\"wpcf7-form-control-wrap\" data-name=\"your-name\"><input size=\"40\" maxlength=\"400\" class=\"wpcf7-form-control wpcf7-text wpcf7-validates-as-required\" autocomplete=\"name\" aria-required=\"true\" aria-invalid=\"false\" value=\"\" type=\"text\" name=\"your-name\" \/><\/span> <\/label>\n<\/p>\n<p><label> Votre e-mail<br \/>\n<span class=\"wpcf7-form-control-wrap\" data-name=\"your-email\"><input size=\"40\" maxlength=\"400\" class=\"wpcf7-form-control wpcf7-email wpcf7-validates-as-required wpcf7-text wpcf7-validates-as-email\" autocomplete=\"email\" aria-required=\"true\" aria-invalid=\"false\" value=\"\" type=\"email\" name=\"your-email\" \/><\/span> <\/label>\n<\/p>\n<p><label> Objet<br \/>\n<span class=\"wpcf7-form-control-wrap\" data-name=\"your-subject\"><input size=\"40\" maxlength=\"400\" class=\"wpcf7-form-control wpcf7-text wpcf7-validates-as-required\" aria-required=\"true\" aria-invalid=\"false\" value=\"\" type=\"text\" name=\"your-subject\" \/><\/span> <\/label>\n<\/p>\n<p><label> Votre message (facultatif)<br \/>\n<span class=\"wpcf7-form-control-wrap\" data-name=\"your-message\"><textarea cols=\"40\" rows=\"10\" maxlength=\"2000\" class=\"wpcf7-form-control wpcf7-textarea\" aria-invalid=\"false\" name=\"your-message\"><\/textarea><\/span> <\/label>\n<\/p>\n<p><input class=\"wpcf7-form-control wpcf7-submit has-spinner\" type=\"submit\" value=\"Envoyer\" \/>\n<\/p><div class=\"wpcf7-response-output\" aria-hidden=\"true\"><\/div>\n<\/form>\n<\/div>\n\n\t\t\t\t\t<\/p>\n\t\t\t\t<\/div>\n\t\t\t\t\t<\/div>\n\t\t\t\t<\/div>\n\t\t\t\t<\/div>\n\t\t","protected":false},"excerpt":{"rendered":"","protected":false},"author":1,"featured_media":0,"parent":0,"menu_order":0,"comment_status":"closed","ping_status":"closed","template":"","meta":{"footnotes":""},"class_list":["post-61","page","type-page","status-publish","hentry"],"yoast_head":"<!-- This site is optimized with the Yoast SEO plugin v27.3 - https:\/\/yoast.com\/product\/yoast-seo-wordpress\/ -->\n<title>Contact - Nadoz Performance<\/title>\n<meta name=\"robots\" content=\"index, follow, max-snippet:-1, max-image-preview:large, max-video-preview:-1\" \/>\n<link rel=\"canonical\" href=\"https:\/\/nadozperformance.com\/index.php\/contact\/\" \/>\n<meta property=\"og:locale\" content=\"fr_FR\" \/>\n<meta property=\"og:type\" content=\"article\" \/>\n<meta property=\"og:title\" content=\"Contact - Nadoz Performance\" \/>\n<meta property=\"og:url\" content=\"https:\/\/nadozperformance.com\/index.php\/contact\/\" \/>\n<meta property=\"og:site_name\" content=\"Nadoz Performance\" \/>\n<meta property=\"article:modified_time\" content=\"2026-04-03T13:29:48+00:00\" \/>\n<meta name=\"twitter:card\" content=\"summary_large_image\" \/>\n<script type=\"application\/ld+json\" class=\"yoast-schema-graph\">{\"@context\":\"https:\\\/\\\/schema.org\",\"@graph\":[{\"@type\":\"WebPage\",\"@id\":\"https:\\\/\\\/nadozperformance.com\\\/index.php\\\/contact\\\/\",\"url\":\"https:\\\/\\\/nadozperformance.com\\\/index.php\\\/contact\\\/\",\"name\":\"Contact - Nadoz Performance\",\"isPartOf\":{\"@id\":\"https:\\\/\\\/nadozperformance.com\\\/#website\"},\"datePublished\":\"2026-04-03T12:59:55+00:00\",\"dateModified\":\"2026-04-03T13:29:48+00:00\",\"breadcrumb\":{\"@id\":\"https:\\\/\\\/nadozperformance.com\\\/index.php\\\/contact\\\/#breadcrumb\"},\"inLanguage\":\"fr-FR\",\"potentialAction\":[{\"@type\":\"ReadAction\",\"target\":[\"https:\\\/\\\/nadozperformance.com\\\/index.php\\\/contact\\\/\"]}]},{\"@type\":\"BreadcrumbList\",\"@id\":\"https:\\\/\\\/nadozperformance.com\\\/index.php\\\/contact\\\/#breadcrumb\",\"itemListElement\":[{\"@type\":\"ListItem\",\"position\":1,\"name\":\"Accueil\",\"item\":\"https:\\\/\\\/nadozperformance.com\\\/\"},{\"@type\":\"ListItem\",\"position\":2,\"name\":\"Contact\"}]},{\"@type\":\"WebSite\",\"@id\":\"https:\\\/\\\/nadozperformance.com\\\/#website\",\"url\":\"https:\\\/\\\/nadozperformance.com\\\/\",\"name\":\"Nadoz Performance\",\"description\":\"L&#039;\u00e9lite se pr\u00e9parer dans la t\u00eate. Le r\u00e9sultat se vit sur le terrain\",\"publisher\":{\"@id\":\"https:\\\/\\\/nadozperformance.com\\\/#organization\"},\"potentialAction\":[{\"@type\":\"SearchAction\",\"target\":{\"@type\":\"EntryPoint\",\"urlTemplate\":\"https:\\\/\\\/nadozperformance.com\\\/?s={search_term_string}\"},\"query-input\":{\"@type\":\"PropertyValueSpecification\",\"valueRequired\":true,\"valueName\":\"search_term_string\"}}],\"inLanguage\":\"fr-FR\"},{\"@type\":\"Organization\",\"@id\":\"https:\\\/\\\/nadozperformance.com\\\/#organization\",\"name\":\"Nadoz Performance\",\"url\":\"https:\\\/\\\/nadozperformance.com\\\/\",\"logo\":{\"@type\":\"ImageObject\",\"inLanguage\":\"fr-FR\",\"@id\":\"https:\\\/\\\/nadozperformance.com\\\/#\\\/schema\\\/logo\\\/image\\\/\",\"url\":\"https:\\\/\\\/nadozperformance.com\\\/wp-content\\\/uploads\\\/2026\\\/02\\\/cropped-nadoz_logo-1.jpg\",\"contentUrl\":\"https:\\\/\\\/nadozperformance.com\\\/wp-content\\\/uploads\\\/2026\\\/02\\\/cropped-nadoz_logo-1.jpg\",\"width\":206,\"height\":206,\"caption\":\"Nadoz Performance\"},\"image\":{\"@id\":\"https:\\\/\\\/nadozperformance.com\\\/#\\\/schema\\\/logo\\\/image\\\/\"},\"sameAs\":[\"https:\\\/\\\/www.instagram.com\\\/nadozperformance\\\/\"]}]}<\/script>\n<!-- \/ Yoast SEO plugin. -->","yoast_head_json":{"title":"Contact - Nadoz Performance","robots":{"index":"index","follow":"follow","max-snippet":"max-snippet:-1","max-image-preview":"max-image-preview:large","max-video-preview":"max-video-preview:-1"},"canonical":"https:\/\/nadozperformance.com\/index.php\/contact\/","og_locale":"fr_FR","og_type":"article","og_title":"Contact - Nadoz Performance","og_url":"https:\/\/nadozperformance.com\/index.php\/contact\/","og_site_name":"Nadoz Performance","article_modified_time":"2026-04-03T13:29:48+00:00","twitter_card":"summary_large_image","schema":{"@context":"https:\/\/schema.org","@graph":[{"@type":"WebPage","@id":"https:\/\/nadozperformance.com\/index.php\/contact\/","url":"https:\/\/nadozperformance.com\/index.php\/contact\/","name":"Contact - Nadoz Performance","isPartOf":{"@id":"https:\/\/nadozperformance.com\/#website"},"datePublished":"2026-04-03T12:59:55+00:00","dateModified":"2026-04-03T13:29:48+00:00","breadcrumb":{"@id":"https:\/\/nadozperformance.com\/index.php\/contact\/#breadcrumb"},"inLanguage":"fr-FR","potentialAction":[{"@type":"ReadAction","target":["https:\/\/nadozperformance.com\/index.php\/contact\/"]}]},{"@type":"BreadcrumbList","@id":"https:\/\/nadozperformance.com\/index.php\/contact\/#breadcrumb","itemListElement":[{"@type":"ListItem","position":1,"name":"Accueil","item":"https:\/\/nadozperformance.com\/"},{"@type":"ListItem","position":2,"name":"Contact"}]},{"@type":"WebSite","@id":"https:\/\/nadozperformance.com\/#website","url":"https:\/\/nadozperformance.com\/","name":"Nadoz Performance","description":"L&#039;\u00e9lite se pr\u00e9parer dans la t\u00eate. Le r\u00e9sultat se vit sur le terrain","publisher":{"@id":"https:\/\/nadozperformance.com\/#organization"},"potentialAction":[{"@type":"SearchAction","target":{"@type":"EntryPoint","urlTemplate":"https:\/\/nadozperformance.com\/?s={search_term_string}"},"query-input":{"@type":"PropertyValueSpecification","valueRequired":true,"valueName":"search_term_string"}}],"inLanguage":"fr-FR"},{"@type":"Organization","@id":"https:\/\/nadozperformance.com\/#organization","name":"Nadoz Performance","url":"https:\/\/nadozperformance.com\/","logo":{"@type":"ImageObject","inLanguage":"fr-FR","@id":"https:\/\/nadozperformance.com\/#\/schema\/logo\/image\/","url":"https:\/\/nadozperformance.com\/wp-content\/uploads\/2026\/02\/cropped-nadoz_logo-1.jpg","contentUrl":"https:\/\/nadozperformance.com\/wp-content\/uploads\/2026\/02\/cropped-nadoz_logo-1.jpg","width":206,"height":206,"caption":"Nadoz Performance"},"image":{"@id":"https:\/\/nadozperformance.com\/#\/schema\/logo\/image\/"},"sameAs":["https:\/\/www.instagram.com\/nadozperformance\/"]}]}},"_links":{"self":[{"href":"https:\/\/nadozperformance.com\/index.php\/wp-json\/wp\/v2\/pages\/61","targetHints":{"allow":["GET"]}}],"collection":[{"href":"https:\/\/nadozperformance.com\/index.php\/wp-json\/wp\/v2\/pages"}],"about":[{"href":"https:\/\/nadozperformance.com\/index.php\/wp-json\/wp\/v2\/types\/page"}],"author":[{"embeddable":true,"href":"https:\/\/nadozperformance.com\/index.php\/wp-json\/wp\/v2\/users\/1"}],"replies":[{"embeddable":true,"href":"https:\/\/nadozperformance.com\/index.php\/wp-json\/wp\/v2\/comments?post=61"}],"version-history":[{"count":5,"href":"https:\/\/nadozperformance.com\/index.php\/wp-json\/wp\/v2\/pages\/61\/revisions"}],"predecessor-version":[{"id":71,"href":"https:\/\/nadozperformance.com\/index.php\/wp-json\/wp\/v2\/pages\/61\/revisions\/71"}],"wp:attachment":[{"href":"https:\/\/nadozperformance.com\/index.php\/wp-json\/wp\/v2\/media?parent=61"}],"curies":[{"name":"wp","href":"https:\/\/api.w.org\/{rel}","templated":true}]}}