{"id":59,"date":"2026-04-03T13:59:13","date_gmt":"2026-04-03T12:59:13","guid":{"rendered":"http:\/\/nadozperformance.com\/?page_id=59"},"modified":"2026-04-03T13:59:13","modified_gmt":"2026-04-03T12:59:13","slug":"temoignages","status":"publish","type":"page","link":"http:\/\/nadozperformance.com\/index.php\/temoignages\/","title":{"rendered":"T\u00e9moignages"},"content":{"rendered":"\n<p><strong>\u00ab Un cap mental et technique franchi. \u00bb<\/strong><\/p>\n\n\n\n<p>\u00ab L\u2019accompagnement avec <strong>Nadoz Performance<\/strong> a pris une dimension sup\u00e9rieure cette saison. Au-del\u00e0 du physique, on a fait un travail \u00e9norme sur la <strong>concentration<\/strong> et la pr\u00e9cision des <strong>objectifs<\/strong>.<\/p>\n\n\n\n<p>Cette clart\u00e9 mentale a radicalement d\u00e9bloqu\u00e9 ma <strong>technique<\/strong> sur la piste : je suis plus pr\u00e9cis dans mes trajectoires et imperturbable sous la pression des heats. Le niveau s&rsquo;est \u00e9lev\u00e9, les r\u00e9sultats suivent. C&rsquo;est l&rsquo;\u00e9volution dont j&rsquo;ai besoin pour passer pro. \u00bb<\/p>\n\n\n\n<p><strong>\u2014 Terence PAGET, Pilote de Speedway<\/strong> (<a href=\"https:\/\/www.instagram.com\/terence_pgt\/\">https:\/\/www.instagram.com\/terence_pgt\/<\/a>) <\/p>\n","protected":false},"excerpt":{"rendered":"<p>\u00ab Un cap mental et technique franchi. \u00bb \u00ab L\u2019accompagnement avec Nadoz Performance a pris une dimension sup\u00e9rieure cette saison. Au-del\u00e0 du physique, on a fait un travail \u00e9norme sur [&hellip;]<\/p>\n","protected":false},"author":1,"featured_media":0,"parent":0,"menu_order":0,"comment_status":"closed","ping_status":"closed","template":"","meta":{"footnotes":""},"class_list":["post-59","page","type-page","status-publish","hentry"],"yoast_head":"<!-- This site is optimized with the Yoast SEO plugin v27.3 - https:\/\/yoast.com\/product\/yoast-seo-wordpress\/ -->\n<title>T\u00e9moignages - Nadoz Performance<\/title>\n<meta name=\"robots\" content=\"index, follow, max-snippet:-1, max-image-preview:large, max-video-preview:-1\" \/>\n<link rel=\"canonical\" href=\"http:\/\/nadozperformance.com\/index.php\/temoignages\/\" \/>\n<meta property=\"og:locale\" content=\"fr_FR\" \/>\n<meta property=\"og:type\" content=\"article\" \/>\n<meta property=\"og:title\" content=\"T\u00e9moignages - Nadoz Performance\" \/>\n<meta property=\"og:description\" content=\"\u00ab Un cap mental et technique franchi. \u00bb \u00ab L\u2019accompagnement avec Nadoz Performance a pris une dimension sup\u00e9rieure cette saison. Au-del\u00e0 du physique, on a fait un travail \u00e9norme sur [&hellip;]\" \/>\n<meta property=\"og:url\" content=\"http:\/\/nadozperformance.com\/index.php\/temoignages\/\" \/>\n<meta property=\"og:site_name\" content=\"Nadoz Performance\" \/>\n<meta name=\"twitter:card\" content=\"summary_large_image\" \/>\n<script type=\"application\/ld+json\" class=\"yoast-schema-graph\">{\"@context\":\"https:\\\/\\\/schema.org\",\"@graph\":[{\"@type\":\"WebPage\",\"@id\":\"http:\\\/\\\/nadozperformance.com\\\/index.php\\\/temoignages\\\/\",\"url\":\"http:\\\/\\\/nadozperformance.com\\\/index.php\\\/temoignages\\\/\",\"name\":\"T\u00e9moignages - Nadoz Performance\",\"isPartOf\":{\"@id\":\"https:\\\/\\\/nadozperformance.com\\\/#website\"},\"datePublished\":\"2026-04-03T12:59:13+00:00\",\"breadcrumb\":{\"@id\":\"http:\\\/\\\/nadozperformance.com\\\/index.php\\\/temoignages\\\/#breadcrumb\"},\"inLanguage\":\"fr-FR\",\"potentialAction\":[{\"@type\":\"ReadAction\",\"target\":[\"http:\\\/\\\/nadozperformance.com\\\/index.php\\\/temoignages\\\/\"]}]},{\"@type\":\"BreadcrumbList\",\"@id\":\"http:\\\/\\\/nadozperformance.com\\\/index.php\\\/temoignages\\\/#breadcrumb\",\"itemListElement\":[{\"@type\":\"ListItem\",\"position\":1,\"name\":\"Accueil\",\"item\":\"https:\\\/\\\/nadozperformance.com\\\/\"},{\"@type\":\"ListItem\",\"position\":2,\"name\":\"T\u00e9moignages\"}]},{\"@type\":\"WebSite\",\"@id\":\"https:\\\/\\\/nadozperformance.com\\\/#website\",\"url\":\"https:\\\/\\\/nadozperformance.com\\\/\",\"name\":\"Nadoz Performance\",\"description\":\"L&#039;\u00e9lite se pr\u00e9parer dans la t\u00eate. Le r\u00e9sultat se vit sur le terrain\",\"publisher\":{\"@id\":\"https:\\\/\\\/nadozperformance.com\\\/#organization\"},\"potentialAction\":[{\"@type\":\"SearchAction\",\"target\":{\"@type\":\"EntryPoint\",\"urlTemplate\":\"https:\\\/\\\/nadozperformance.com\\\/?s={search_term_string}\"},\"query-input\":{\"@type\":\"PropertyValueSpecification\",\"valueRequired\":true,\"valueName\":\"search_term_string\"}}],\"inLanguage\":\"fr-FR\"},{\"@type\":\"Organization\",\"@id\":\"https:\\\/\\\/nadozperformance.com\\\/#organization\",\"name\":\"Nadoz Performance\",\"url\":\"https:\\\/\\\/nadozperformance.com\\\/\",\"logo\":{\"@type\":\"ImageObject\",\"inLanguage\":\"fr-FR\",\"@id\":\"https:\\\/\\\/nadozperformance.com\\\/#\\\/schema\\\/logo\\\/image\\\/\",\"url\":\"http:\\\/\\\/nadozperformance.com\\\/wp-content\\\/uploads\\\/2026\\\/02\\\/cropped-nadoz_logo-1.jpg\",\"contentUrl\":\"http:\\\/\\\/nadozperformance.com\\\/wp-content\\\/uploads\\\/2026\\\/02\\\/cropped-nadoz_logo-1.jpg\",\"width\":206,\"height\":206,\"caption\":\"Nadoz Performance\"},\"image\":{\"@id\":\"https:\\\/\\\/nadozperformance.com\\\/#\\\/schema\\\/logo\\\/image\\\/\"},\"sameAs\":[\"https:\\\/\\\/www.instagram.com\\\/nadozperformance\\\/\"]}]}<\/script>\n<!-- \/ Yoast SEO plugin. -->","yoast_head_json":{"title":"T\u00e9moignages - Nadoz Performance","robots":{"index":"index","follow":"follow","max-snippet":"max-snippet:-1","max-image-preview":"max-image-preview:large","max-video-preview":"max-video-preview:-1"},"canonical":"http:\/\/nadozperformance.com\/index.php\/temoignages\/","og_locale":"fr_FR","og_type":"article","og_title":"T\u00e9moignages - Nadoz Performance","og_description":"\u00ab Un cap mental et technique franchi. \u00bb \u00ab L\u2019accompagnement avec Nadoz Performance a pris une dimension sup\u00e9rieure cette saison. Au-del\u00e0 du physique, on a fait un travail \u00e9norme sur [&hellip;]","og_url":"http:\/\/nadozperformance.com\/index.php\/temoignages\/","og_site_name":"Nadoz Performance","twitter_card":"summary_large_image","schema":{"@context":"https:\/\/schema.org","@graph":[{"@type":"WebPage","@id":"http:\/\/nadozperformance.com\/index.php\/temoignages\/","url":"http:\/\/nadozperformance.com\/index.php\/temoignages\/","name":"T\u00e9moignages - Nadoz Performance","isPartOf":{"@id":"https:\/\/nadozperformance.com\/#website"},"datePublished":"2026-04-03T12:59:13+00:00","breadcrumb":{"@id":"http:\/\/nadozperformance.com\/index.php\/temoignages\/#breadcrumb"},"inLanguage":"fr-FR","potentialAction":[{"@type":"ReadAction","target":["http:\/\/nadozperformance.com\/index.php\/temoignages\/"]}]},{"@type":"BreadcrumbList","@id":"http:\/\/nadozperformance.com\/index.php\/temoignages\/#breadcrumb","itemListElement":[{"@type":"ListItem","position":1,"name":"Accueil","item":"https:\/\/nadozperformance.com\/"},{"@type":"ListItem","position":2,"name":"T\u00e9moignages"}]},{"@type":"WebSite","@id":"https:\/\/nadozperformance.com\/#website","url":"https:\/\/nadozperformance.com\/","name":"Nadoz Performance","description":"L&#039;\u00e9lite se pr\u00e9parer dans la t\u00eate. Le r\u00e9sultat se vit sur le terrain","publisher":{"@id":"https:\/\/nadozperformance.com\/#organization"},"potentialAction":[{"@type":"SearchAction","target":{"@type":"EntryPoint","urlTemplate":"https:\/\/nadozperformance.com\/?s={search_term_string}"},"query-input":{"@type":"PropertyValueSpecification","valueRequired":true,"valueName":"search_term_string"}}],"inLanguage":"fr-FR"},{"@type":"Organization","@id":"https:\/\/nadozperformance.com\/#organization","name":"Nadoz Performance","url":"https:\/\/nadozperformance.com\/","logo":{"@type":"ImageObject","inLanguage":"fr-FR","@id":"https:\/\/nadozperformance.com\/#\/schema\/logo\/image\/","url":"http:\/\/nadozperformance.com\/wp-content\/uploads\/2026\/02\/cropped-nadoz_logo-1.jpg","contentUrl":"http:\/\/nadozperformance.com\/wp-content\/uploads\/2026\/02\/cropped-nadoz_logo-1.jpg","width":206,"height":206,"caption":"Nadoz Performance"},"image":{"@id":"https:\/\/nadozperformance.com\/#\/schema\/logo\/image\/"},"sameAs":["https:\/\/www.instagram.com\/nadozperformance\/"]}]}},"_links":{"self":[{"href":"http:\/\/nadozperformance.com\/index.php\/wp-json\/wp\/v2\/pages\/59","targetHints":{"allow":["GET"]}}],"collection":[{"href":"http:\/\/nadozperformance.com\/index.php\/wp-json\/wp\/v2\/pages"}],"about":[{"href":"http:\/\/nadozperformance.com\/index.php\/wp-json\/wp\/v2\/types\/page"}],"author":[{"embeddable":true,"href":"http:\/\/nadozperformance.com\/index.php\/wp-json\/wp\/v2\/users\/1"}],"replies":[{"embeddable":true,"href":"http:\/\/nadozperformance.com\/index.php\/wp-json\/wp\/v2\/comments?post=59"}],"version-history":[{"count":1,"href":"http:\/\/nadozperformance.com\/index.php\/wp-json\/wp\/v2\/pages\/59\/revisions"}],"predecessor-version":[{"id":60,"href":"http:\/\/nadozperformance.com\/index.php\/wp-json\/wp\/v2\/pages\/59\/revisions\/60"}],"wp:attachment":[{"href":"http:\/\/nadozperformance.com\/index.php\/wp-json\/wp\/v2\/media?parent=59"}],"curies":[{"name":"wp","href":"https:\/\/api.w.org\/{rel}","templated":true}]}}