{"id":25,"date":"2026-04-03T09:14:51","date_gmt":"2026-04-03T08:14:51","guid":{"rendered":"http:\/\/nadozperformance.com\/?page_id=25"},"modified":"2026-04-03T09:37:42","modified_gmt":"2026-04-03T08:37:42","slug":"presentation","status":"publish","type":"page","link":"http:\/\/nadozperformance.com\/index.php\/presentation\/","title":{"rendered":"Pr\u00e9sentation"},"content":{"rendered":"\n<p><strong>Mon Parcours : Du Feu au Ring<\/strong><\/p>\n\n\n\n<p>Sapeur-pompier depuis 2000, j\u2019ai fait du d\u00e9passement de soi mon quotidien. En parall\u00e8le, j&rsquo;entra\u00eene des boxeurs depuis 2010, les accompagnant jusqu&rsquo;aux sommets nationaux et internationaux.<\/p>\n\n\n\n<p><strong>Le d\u00e9clic ?<\/strong> J&rsquo;ai vu des athl\u00e8tes physiquement aff\u00fbt\u00e9s et techniquement irr\u00e9prochables \u00e9chouer au pied du podium. Le constat \u00e9tait sans appel : le frein n&rsquo;\u00e9tait pas dans les muscles, mais dans la t\u00eate.<\/p>\n\n\n\n<p>Pour r\u00e9pondre \u00e0 ce d\u00e9fi, j&rsquo;ai choisi de structurer mon expertise. Apr\u00e8s deux ans de sp\u00e9cialisation en <strong>PNL (Programmation Neuro-Linguistique)<\/strong> et en <strong>Analyse Transactionnelle<\/strong>, j&rsquo;ai obtenu ma certification de <strong>Coach de Vie (RNCP)<\/strong> en 2022. Aujourd&rsquo;hui, je fusionne l&rsquo;exp\u00e9rience du feu et la psychologie de la performance.<\/p>\n\n\n\n<p><strong>Ma Philosophie : Vous avez d\u00e9j\u00e0 les cl\u00e9s<\/strong><\/p>\n\n\n\n<p>Je m&rsquo;appuie sur un postulat fondamental de la PNL : <strong>chaque individu poss\u00e8de en lui les ressources n\u00e9cessaires pour r\u00e9ussir.<\/strong> Ma mission n&rsquo;est pas de vous transformer, mais de vous r\u00e9v\u00e9ler. Le coaching est, selon moi, un v\u00e9ritable <strong>partenariat d&rsquo;\u00e9lite<\/strong>. Nous formons une \u00e9quipe soud\u00e9e, avan\u00e7ant avec un seul et m\u00eame focus : l&rsquo;atteinte de vos objectifs les plus ambitieux.<\/p>\n","protected":false},"excerpt":{"rendered":"<p>Mon Parcours : Du Feu au Ring Sapeur-pompier depuis 2000, j\u2019ai fait du d\u00e9passement de soi mon quotidien. En parall\u00e8le, j&rsquo;entra\u00eene des boxeurs depuis 2010, les accompagnant jusqu&rsquo;aux sommets nationaux [&hellip;]<\/p>\n","protected":false},"author":1,"featured_media":0,"parent":0,"menu_order":0,"comment_status":"closed","ping_status":"closed","template":"","meta":{"footnotes":""},"class_list":["post-25","page","type-page","status-publish","hentry"],"yoast_head":"<!-- This site is optimized with the Yoast SEO plugin v27.3 - https:\/\/yoast.com\/product\/yoast-seo-wordpress\/ -->\n<title>Pr\u00e9sentation - Nadoz Performance<\/title>\n<meta name=\"robots\" content=\"index, follow, max-snippet:-1, max-image-preview:large, max-video-preview:-1\" \/>\n<link rel=\"canonical\" href=\"http:\/\/nadozperformance.com\/index.php\/presentation\/\" \/>\n<meta property=\"og:locale\" content=\"fr_FR\" \/>\n<meta property=\"og:type\" content=\"article\" \/>\n<meta property=\"og:title\" content=\"Pr\u00e9sentation - Nadoz Performance\" \/>\n<meta property=\"og:description\" content=\"Mon Parcours : Du Feu au Ring Sapeur-pompier depuis 2000, j\u2019ai fait du d\u00e9passement de soi mon quotidien. En parall\u00e8le, j&rsquo;entra\u00eene des boxeurs depuis 2010, les accompagnant jusqu&rsquo;aux sommets nationaux [&hellip;]\" \/>\n<meta property=\"og:url\" content=\"http:\/\/nadozperformance.com\/index.php\/presentation\/\" \/>\n<meta property=\"og:site_name\" content=\"Nadoz Performance\" \/>\n<meta property=\"article:modified_time\" content=\"2026-04-03T08:37:42+00:00\" \/>\n<meta name=\"twitter:card\" content=\"summary_large_image\" \/>\n<meta name=\"twitter:label1\" content=\"Dur\u00e9e de lecture estim\u00e9e\" \/>\n\t<meta name=\"twitter:data1\" content=\"1 minute\" \/>\n<script type=\"application\/ld+json\" class=\"yoast-schema-graph\">{\"@context\":\"https:\\\/\\\/schema.org\",\"@graph\":[{\"@type\":\"WebPage\",\"@id\":\"http:\\\/\\\/nadozperformance.com\\\/index.php\\\/presentation\\\/\",\"url\":\"http:\\\/\\\/nadozperformance.com\\\/index.php\\\/presentation\\\/\",\"name\":\"Pr\u00e9sentation - Nadoz Performance\",\"isPartOf\":{\"@id\":\"https:\\\/\\\/nadozperformance.com\\\/#website\"},\"datePublished\":\"2026-04-03T08:14:51+00:00\",\"dateModified\":\"2026-04-03T08:37:42+00:00\",\"breadcrumb\":{\"@id\":\"http:\\\/\\\/nadozperformance.com\\\/index.php\\\/presentation\\\/#breadcrumb\"},\"inLanguage\":\"fr-FR\",\"potentialAction\":[{\"@type\":\"ReadAction\",\"target\":[\"http:\\\/\\\/nadozperformance.com\\\/index.php\\\/presentation\\\/\"]}]},{\"@type\":\"BreadcrumbList\",\"@id\":\"http:\\\/\\\/nadozperformance.com\\\/index.php\\\/presentation\\\/#breadcrumb\",\"itemListElement\":[{\"@type\":\"ListItem\",\"position\":1,\"name\":\"Accueil\",\"item\":\"https:\\\/\\\/nadozperformance.com\\\/\"},{\"@type\":\"ListItem\",\"position\":2,\"name\":\"Pr\u00e9sentation\"}]},{\"@type\":\"WebSite\",\"@id\":\"https:\\\/\\\/nadozperformance.com\\\/#website\",\"url\":\"https:\\\/\\\/nadozperformance.com\\\/\",\"name\":\"Nadoz Performance\",\"description\":\"L&#039;\u00e9lite se pr\u00e9parer dans la t\u00eate. Le r\u00e9sultat se vit sur le terrain\",\"publisher\":{\"@id\":\"https:\\\/\\\/nadozperformance.com\\\/#organization\"},\"potentialAction\":[{\"@type\":\"SearchAction\",\"target\":{\"@type\":\"EntryPoint\",\"urlTemplate\":\"https:\\\/\\\/nadozperformance.com\\\/?s={search_term_string}\"},\"query-input\":{\"@type\":\"PropertyValueSpecification\",\"valueRequired\":true,\"valueName\":\"search_term_string\"}}],\"inLanguage\":\"fr-FR\"},{\"@type\":\"Organization\",\"@id\":\"https:\\\/\\\/nadozperformance.com\\\/#organization\",\"name\":\"Nadoz Performance\",\"url\":\"https:\\\/\\\/nadozperformance.com\\\/\",\"logo\":{\"@type\":\"ImageObject\",\"inLanguage\":\"fr-FR\",\"@id\":\"https:\\\/\\\/nadozperformance.com\\\/#\\\/schema\\\/logo\\\/image\\\/\",\"url\":\"http:\\\/\\\/nadozperformance.com\\\/wp-content\\\/uploads\\\/2026\\\/02\\\/cropped-nadoz_logo-1.jpg\",\"contentUrl\":\"http:\\\/\\\/nadozperformance.com\\\/wp-content\\\/uploads\\\/2026\\\/02\\\/cropped-nadoz_logo-1.jpg\",\"width\":206,\"height\":206,\"caption\":\"Nadoz Performance\"},\"image\":{\"@id\":\"https:\\\/\\\/nadozperformance.com\\\/#\\\/schema\\\/logo\\\/image\\\/\"},\"sameAs\":[\"https:\\\/\\\/www.instagram.com\\\/nadozperformance\\\/\"]}]}<\/script>\n<!-- \/ Yoast SEO plugin. -->","yoast_head_json":{"title":"Pr\u00e9sentation - Nadoz Performance","robots":{"index":"index","follow":"follow","max-snippet":"max-snippet:-1","max-image-preview":"max-image-preview:large","max-video-preview":"max-video-preview:-1"},"canonical":"http:\/\/nadozperformance.com\/index.php\/presentation\/","og_locale":"fr_FR","og_type":"article","og_title":"Pr\u00e9sentation - Nadoz Performance","og_description":"Mon Parcours : Du Feu au Ring Sapeur-pompier depuis 2000, j\u2019ai fait du d\u00e9passement de soi mon quotidien. En parall\u00e8le, j&rsquo;entra\u00eene des boxeurs depuis 2010, les accompagnant jusqu&rsquo;aux sommets nationaux [&hellip;]","og_url":"http:\/\/nadozperformance.com\/index.php\/presentation\/","og_site_name":"Nadoz Performance","article_modified_time":"2026-04-03T08:37:42+00:00","twitter_card":"summary_large_image","twitter_misc":{"Dur\u00e9e de lecture estim\u00e9e":"1 minute"},"schema":{"@context":"https:\/\/schema.org","@graph":[{"@type":"WebPage","@id":"http:\/\/nadozperformance.com\/index.php\/presentation\/","url":"http:\/\/nadozperformance.com\/index.php\/presentation\/","name":"Pr\u00e9sentation - Nadoz Performance","isPartOf":{"@id":"https:\/\/nadozperformance.com\/#website"},"datePublished":"2026-04-03T08:14:51+00:00","dateModified":"2026-04-03T08:37:42+00:00","breadcrumb":{"@id":"http:\/\/nadozperformance.com\/index.php\/presentation\/#breadcrumb"},"inLanguage":"fr-FR","potentialAction":[{"@type":"ReadAction","target":["http:\/\/nadozperformance.com\/index.php\/presentation\/"]}]},{"@type":"BreadcrumbList","@id":"http:\/\/nadozperformance.com\/index.php\/presentation\/#breadcrumb","itemListElement":[{"@type":"ListItem","position":1,"name":"Accueil","item":"https:\/\/nadozperformance.com\/"},{"@type":"ListItem","position":2,"name":"Pr\u00e9sentation"}]},{"@type":"WebSite","@id":"https:\/\/nadozperformance.com\/#website","url":"https:\/\/nadozperformance.com\/","name":"Nadoz Performance","description":"L&#039;\u00e9lite se pr\u00e9parer dans la t\u00eate. Le r\u00e9sultat se vit sur le terrain","publisher":{"@id":"https:\/\/nadozperformance.com\/#organization"},"potentialAction":[{"@type":"SearchAction","target":{"@type":"EntryPoint","urlTemplate":"https:\/\/nadozperformance.com\/?s={search_term_string}"},"query-input":{"@type":"PropertyValueSpecification","valueRequired":true,"valueName":"search_term_string"}}],"inLanguage":"fr-FR"},{"@type":"Organization","@id":"https:\/\/nadozperformance.com\/#organization","name":"Nadoz Performance","url":"https:\/\/nadozperformance.com\/","logo":{"@type":"ImageObject","inLanguage":"fr-FR","@id":"https:\/\/nadozperformance.com\/#\/schema\/logo\/image\/","url":"http:\/\/nadozperformance.com\/wp-content\/uploads\/2026\/02\/cropped-nadoz_logo-1.jpg","contentUrl":"http:\/\/nadozperformance.com\/wp-content\/uploads\/2026\/02\/cropped-nadoz_logo-1.jpg","width":206,"height":206,"caption":"Nadoz Performance"},"image":{"@id":"https:\/\/nadozperformance.com\/#\/schema\/logo\/image\/"},"sameAs":["https:\/\/www.instagram.com\/nadozperformance\/"]}]}},"_links":{"self":[{"href":"http:\/\/nadozperformance.com\/index.php\/wp-json\/wp\/v2\/pages\/25","targetHints":{"allow":["GET"]}}],"collection":[{"href":"http:\/\/nadozperformance.com\/index.php\/wp-json\/wp\/v2\/pages"}],"about":[{"href":"http:\/\/nadozperformance.com\/index.php\/wp-json\/wp\/v2\/types\/page"}],"author":[{"embeddable":true,"href":"http:\/\/nadozperformance.com\/index.php\/wp-json\/wp\/v2\/users\/1"}],"replies":[{"embeddable":true,"href":"http:\/\/nadozperformance.com\/index.php\/wp-json\/wp\/v2\/comments?post=25"}],"version-history":[{"count":2,"href":"http:\/\/nadozperformance.com\/index.php\/wp-json\/wp\/v2\/pages\/25\/revisions"}],"predecessor-version":[{"id":31,"href":"http:\/\/nadozperformance.com\/index.php\/wp-json\/wp\/v2\/pages\/25\/revisions\/31"}],"wp:attachment":[{"href":"http:\/\/nadozperformance.com\/index.php\/wp-json\/wp\/v2\/media?parent=25"}],"curies":[{"name":"wp","href":"https:\/\/api.w.org\/{rel}","templated":true}]}}